{"id":435,"date":"2025-10-13T19:27:15","date_gmt":"2025-10-13T19:27:15","guid":{"rendered":"https:\/\/kronosdecanter.com\/?page_id=435"},"modified":"2025-10-21T18:51:38","modified_gmt":"2025-10-21T18:51:38","slug":"1-petroleo-y-gas","status":"publish","type":"page","link":"https:\/\/kronosdecanter.com\/en\/1-petroleo-y-gas\/","title":{"rendered":"1 Petr\u00f3leo y gas"},"content":{"rendered":"\t\t<div data-elementor-type=\"wp-page\" data-elementor-id=\"435\" class=\"elementor elementor-435\" data-elementor-post-type=\"page\">\n\t\t\t\t<div class=\"elementor-element elementor-element-5409b9e1 e-con-full e-flex e-con e-parent\" data-id=\"5409b9e1\" data-element_type=\"container\" data-e-type=\"container\" data-settings=\"{&quot;background_background&quot;:&quot;video&quot;,&quot;background_video_link&quot;:&quot;https:\\\/\\\/youtu.be\\\/CTXV-_YTsKU&quot;,&quot;background_play_on_mobile&quot;:&quot;yes&quot;}\">\n\t\t<div class=\"elementor-background-video-container\">\n\t\t\t\t\t\t\t<div class=\"elementor-background-video-embed\" role=\"presentation\"><\/div>\n\t\t\t\t\t\t<\/div>\t\t<div class=\"elementor-element elementor-element-baa2dda elementor-widget elementor-widget-heading\" data-id=\"baa2dda\" data-element_type=\"widget\" data-e-type=\"widget\" data-widget_type=\"heading.default\">\n\t\t\t\t\t<h1 class=\"elementor-heading-title elementor-size-default\">Petr\u00f3leo<\/h1>\t\t\t\t<\/div>\n\t\t\t\t<div class=\"elementor-element elementor-element-451c1295 elementor-widget__width-initial elementor-widget-mobile__width-inherit elementor-widget elementor-widget-text-editor\" data-id=\"451c1295\" data-element_type=\"widget\" data-e-type=\"widget\" data-widget_type=\"text-editor.default\">\n\t\t\t\t\t\t\t\t\t<p>Desarrollamos equipos especializados con capacidad de procesamiento de 150 a 500 GPM.<\/p>\t\t\t\t\t\t\t\t<\/div>\n\t\t\t\t<\/div>\n\t\t<div class=\"elementor-element elementor-element-1ecd911 e-flex e-con-boxed e-con e-parent\" data-id=\"1ecd911\" data-element_type=\"container\" data-e-type=\"container\">\n\t\t\t\t\t<div class=\"e-con-inner\">\n\t\t\t\t\t<\/div>\n\t\t\t\t<\/div>\n\t\t<div class=\"elementor-element elementor-element-6f60fc4 e-flex e-con-boxed e-con e-parent\" data-id=\"6f60fc4\" data-element_type=\"container\" data-e-type=\"container\">\n\t\t\t\t\t<div class=\"e-con-inner\">\n\t\t\t\t<div class=\"elementor-element elementor-element-625630d elementor-widget__width-initial elementor-widget-mobile__width-initial elementor-widget elementor-widget-icon-box\" data-id=\"625630d\" data-element_type=\"widget\" data-e-type=\"widget\" data-widget_type=\"icon-box.default\">\n\t\t\t\t\t\t\t<div class=\"elementor-icon-box-wrapper\">\n\n\t\t\t\n\t\t\t\t\t\t<div class=\"elementor-icon-box-content\">\n\n\t\t\t\t\n\t\t\t\t\t\t\t\t\t<p class=\"elementor-icon-box-description\">\n\t\t\t\t\t\tEn <b>KRONOS<\/b> desarrollamos equipos especializados con capacidad de procesamiento de <b>150 a 500 GPM<\/b>, adaptados a m\u00faltiples aplicaciones de la industria petr\u00f3lera.\t\t\t\t\t<\/p>\n\t\t\t\t\n\t\t\t<\/div>\n\t\t\t\n\t\t<\/div>\n\t\t\t\t\t\t<\/div>\n\t\t\t\t<div class=\"elementor-element elementor-element-8558974 elementor-widget__width-initial elementor-widget-mobile__width-initial elementor-widget elementor-widget-icon-box\" data-id=\"8558974\" data-element_type=\"widget\" data-e-type=\"widget\" data-widget_type=\"icon-box.default\">\n\t\t\t\t\t\t\t<div class=\"elementor-icon-box-wrapper\">\n\n\t\t\t\n\t\t\t\t\t\t<div class=\"elementor-icon-box-content\">\n\n\t\t\t\t\n\t\t\t\t\t\t\t\t\t<p class=\"elementor-icon-box-description\">\n\t\t\t\t\t\tNuestras soluciones est\u00e1n orientadas a maximizar la eficiencia operativa, cumplir con los m\u00e1s altos est\u00e1ndares ambientales y generar beneficios financieros para nuestros clientes, a trav\u00e9s de la recuperaci\u00f3n y aprovechamiento de materiales y sub-productos.\t\t\t\t\t<\/p>\n\t\t\t\t\n\t\t\t<\/div>\n\t\t\t\n\t\t<\/div>\n\t\t\t\t\t\t<\/div>\n\t\t\t\t\t<\/div>\n\t\t\t\t<\/div>\n\t\t<div class=\"elementor-element elementor-element-5458c949 e-con-full e-flex e-con e-parent\" data-id=\"5458c949\" data-element_type=\"container\" data-e-type=\"container\" data-settings=\"{&quot;background_background&quot;:&quot;slideshow&quot;,&quot;background_slideshow_gallery&quot;:[{&quot;id&quot;:325,&quot;url&quot;:&quot;https:\\\/\\\/kronosdecanter.com\\\/wp-content\\\/uploads\\\/2025\\\/10\\\/WhatsApp-Image-2025-08-21-at-11.49.41-AM-5.jpeg&quot;},{&quot;id&quot;:304,&quot;url&quot;:&quot;https:\\\/\\\/kronosdecanter.com\\\/wp-content\\\/uploads\\\/2025\\\/09\\\/pieza-1-de-96k.png&quot;},{&quot;id&quot;:326,&quot;url&quot;:&quot;https:\\\/\\\/kronosdecanter.com\\\/wp-content\\\/uploads\\\/2025\\\/10\\\/WhatsApp-Image-2025-08-21-at-11.49.41-AM.jpeg&quot;}],&quot;background_slideshow_slide_duration&quot;:3000,&quot;background_slideshow_ken_burns&quot;:&quot;yes&quot;,&quot;background_slideshow_ken_burns_zoom_direction&quot;:&quot;out&quot;,&quot;background_slideshow_loop&quot;:&quot;yes&quot;,&quot;background_slideshow_slide_transition&quot;:&quot;fade&quot;,&quot;background_slideshow_transition_duration&quot;:500}\">\n\t\t\t\t<div class=\"elementor-element elementor-element-8cfaf0a elementor-widget elementor-widget-heading\" data-id=\"8cfaf0a\" data-element_type=\"widget\" data-e-type=\"widget\" data-widget_type=\"heading.default\">\n\t\t\t\t\t<h2 class=\"elementor-heading-title elementor-size-default\">Soluciones clave<\/h2>\t\t\t\t<\/div>\n\t\t\t\t<div class=\"elementor-element elementor-element-5d93b8a0 elementor-widget__width-initial elementor-widget-mobile__width-initial elementor-widget elementor-widget-icon-box\" data-id=\"5d93b8a0\" data-element_type=\"widget\" data-e-type=\"widget\" data-widget_type=\"icon-box.default\">\n\t\t\t\t\t\t\t<div class=\"elementor-icon-box-wrapper\">\n\n\t\t\t\n\t\t\t\t\t\t<div class=\"elementor-icon-box-content\">\n\n\t\t\t\t\n\t\t\t\t\t\t\t\t\t<p class=\"elementor-icon-box-description\">\n\t\t\t\t\t\tPrueba de la centr\u00edfuga y an\u00e1lisis del proceso:\n\nSe realiza en an\u00e1lisis completo de densidades, pesos, y humedad de los procesos con equipo especializado\t\t\t\t\t<\/p>\n\t\t\t\t\n\t\t\t<\/div>\n\t\t\t\n\t\t<\/div>\n\t\t\t\t\t\t<\/div>\n\t\t\t\t<div class=\"elementor-element elementor-element-49499ba elementor-widget elementor-widget-text-editor\" data-id=\"49499ba\" data-element_type=\"widget\" data-e-type=\"widget\" data-widget_type=\"text-editor.default\">\n\t\t\t\t\t\t\t\t\t<ul><li>Fluidos<\/li><li>Barita y benonita<\/li><li>Recortes de perforaci\u00f3n<\/li><li>Confinamientos<\/li><li>Lagunas de interperizados<\/li><li>Fondos de tanque.<\/li><\/ul>\t\t\t\t\t\t\t\t<\/div>\n\t\t\t\t<div class=\"elementor-element elementor-element-19b9f78 elementor-align-justify elementor-widget__width-inherit elementor-widget elementor-widget-button\" data-id=\"19b9f78\" data-element_type=\"widget\" data-e-type=\"widget\" data-widget_type=\"button.default\">\n\t\t\t\t\t\t\t\t\t\t<a class=\"elementor-button elementor-button-link elementor-size-sm\" href=\"https:\/\/kronosdecanter.com\/sectores\/\">\n\t\t\t\t\t\t<span class=\"elementor-button-content-wrapper\">\n\t\t\t\t\t\t\t\t\t<span class=\"elementor-button-text\">Ver m\u00e1s sectores<\/span>\n\t\t\t\t\t<\/span>\n\t\t\t\t\t<\/a>\n\t\t\t\t\t\t\t\t<\/div>\n\t\t\t\t<\/div>\n\t\t\t\t<\/div>\n\t\t","protected":false},"excerpt":{"rendered":"<p>Petr\u00f3leo Desarrollamos equipos especializados con capacidad de procesamiento de 150 a 500 GPM. En KRONOS desarrollamos equipos especializados con capacidad de procesamiento de 150 a 500 GPM, adaptados a m\u00faltiples aplicaciones de la industria petr\u00f3lera. Nuestras soluciones est\u00e1n orientadas a maximizar la eficiencia operativa, cumplir con los m\u00e1s altos est\u00e1ndares ambientales y generar beneficios financieros [&hellip;]<\/p>\n","protected":false},"author":1,"featured_media":0,"parent":0,"menu_order":0,"comment_status":"closed","ping_status":"closed","template":"elementor_header_footer","meta":{"pagelayer_contact_templates":[],"_pagelayer_content":"","footnotes":""},"class_list":["post-435","page","type-page","status-publish","hentry"],"_links":{"self":[{"href":"https:\/\/kronosdecanter.com\/en\/wp-json\/wp\/v2\/pages\/435","targetHints":{"allow":["GET"]}}],"collection":[{"href":"https:\/\/kronosdecanter.com\/en\/wp-json\/wp\/v2\/pages"}],"about":[{"href":"https:\/\/kronosdecanter.com\/en\/wp-json\/wp\/v2\/types\/page"}],"author":[{"embeddable":true,"href":"https:\/\/kronosdecanter.com\/en\/wp-json\/wp\/v2\/users\/1"}],"replies":[{"embeddable":true,"href":"https:\/\/kronosdecanter.com\/en\/wp-json\/wp\/v2\/comments?post=435"}],"version-history":[{"count":10,"href":"https:\/\/kronosdecanter.com\/en\/wp-json\/wp\/v2\/pages\/435\/revisions"}],"predecessor-version":[{"id":509,"href":"https:\/\/kronosdecanter.com\/en\/wp-json\/wp\/v2\/pages\/435\/revisions\/509"}],"wp:attachment":[{"href":"https:\/\/kronosdecanter.com\/en\/wp-json\/wp\/v2\/media?parent=435"}],"curies":[{"name":"wp","href":"https:\/\/api.w.org\/{rel}","templated":true}]}}