{"id":15,"date":"2025-08-06T14:36:37","date_gmt":"2025-08-06T14:36:37","guid":{"rendered":"https:\/\/kronosdecanter.com\/catalogo-de-centrifugas\/"},"modified":"2025-10-21T19:24:38","modified_gmt":"2025-10-21T19:24:38","slug":"sectores","status":"publish","type":"page","link":"https:\/\/kronosdecanter.com\/en\/sectores\/","title":{"rendered":"Industries"},"content":{"rendered":"<div data-elementor-type=\"wp-page\" data-elementor-id=\"15\" class=\"elementor elementor-15\" data-elementor-post-type=\"page\">\n\t\t\t\t<div class=\"elementor-element elementor-element-60f5292c e-con-full e-flex e-con e-parent\" data-id=\"60f5292c\" data-element_type=\"container\" data-e-type=\"container\" data-settings=\"{&quot;background_background&quot;:&quot;video&quot;,&quot;background_video_link&quot;:&quot;https:\\\/\\\/youtu.be\\\/tKg0g6CpK8g&quot;,&quot;background_play_on_mobile&quot;:&quot;yes&quot;,&quot;background_video_start&quot;:6,&quot;background_video_end&quot;:29}\">\n\t\t<div class=\"elementor-background-video-container\">\n\t\t\t\t\t\t\t<div class=\"elementor-background-video-embed\" role=\"presentation\"><\/div>\n\t\t\t\t\t\t<\/div>\t\t<div class=\"elementor-element elementor-element-31d42221 elementor-widget elementor-widget-heading\" data-id=\"31d42221\" data-element_type=\"widget\" data-e-type=\"widget\" data-widget_type=\"heading.default\">\n\t\t\t\t\t<h1 class=\"elementor-heading-title elementor-size-default\">Innovation in decanter centrifuges<\/h1>\t\t\t\t<\/div>\n\t\t\t\t<\/div>\n\t\t<div class=\"elementor-element elementor-element-415fa9a e-flex e-con-boxed e-con e-parent\" data-id=\"415fa9a\" data-element_type=\"container\" data-e-type=\"container\">\n\t\t\t\t\t<div class=\"e-con-inner\">\n\t\t\t\t<div class=\"elementor-element elementor-element-18ffecb elementor-widget elementor-widget-spacer\" data-id=\"18ffecb\" data-element_type=\"widget\" data-e-type=\"widget\" data-widget_type=\"spacer.default\">\n\t\t\t\t\t\t\t<div class=\"elementor-spacer\">\n\t\t\t<div class=\"elementor-spacer-inner\"><\/div>\n\t\t<\/div>\n\t\t\t\t\t\t<\/div>\n\t\t\t\t\t<\/div>\n\t\t\t\t<\/div>\n\t\t<div class=\"elementor-element elementor-element-17fb644 e-grid e-con-boxed e-con e-parent\" data-id=\"17fb644\" data-element_type=\"container\" data-e-type=\"container\">\n\t\t\t\t\t<div class=\"e-con-inner\">\n\t\t\t\t<div class=\"elementor-element elementor-element-5f3f7ea elementor-view-default elementor-position-block-start elementor-mobile-position-block-start elementor-widget elementor-widget-icon-box\" data-id=\"5f3f7ea\" data-element_type=\"widget\" data-e-type=\"widget\" data-widget_type=\"icon-box.default\">\n\t\t\t\t\t\t\t<div class=\"elementor-icon-box-wrapper\">\n\n\t\t\t\t\t\t<div class=\"elementor-icon-box-icon\">\n\t\t\t\t<a href=\"https:\/\/kronosdecanter.com\/en\/1-petroleo-y-gas\/\" class=\"elementor-icon elementor-animation-pop\" tabindex=\"-1\" aria-label=\"Oil and Gas\">\n\t\t\t\t<svg xmlns=\"http:\/\/www.w3.org\/2000\/svg\" xmlns:i=\"http:\/\/ns.adobe.com\/AdobeIllustrator\/10.0\/\" id=\"Capa_1\" viewbox=\"0 0 1000 1000\"><path d=\"M91.51,567.42l7.29-.79c1.23-.86,3.39-24.48,3.61-28.89.7-14.43,2.09-71.22-1.74-81.37-43.78-115.95,1.04-326.24,115.43-391.07,14.33-8.12,16.26-10.97,32.08-3.52,22.12,10.43,13.56,21.87,14.59,43.12.21,4.27,1.81,8.21,1.95,12.48.95,29.11-1.88,58.39,1.97,87.3l525.31,176.78c1.82,1.29,1.48,19.18.96,22.63-.59,3.94-20.29,49.69-22.41,51.53-3.36,2.92-7.65,1.69-11.75,1.78v27.05l21.65,1.79-1.69,42.2-7.34,3.8v119.03c14.12,12.74,49.39-9.12,58.16,12.17.54,1.31,3.15,12.34,3.15,13.08v35.17l62.13,1.89c23.32,9.99,22.57,38.56,20.89,60.4-.5,6.44-3.32,22.48-11.79,22.48h-71.24v34.27h71.24c.51,0,3.41,1.69,3.97,2.37.32,1.64,2.34,4.71,2.34,5.75v45.09l2.71,2.71h38.77l-1.79,55.92H48.23v-53.21l2.71-2.71h34.27c5.1-5.96,2.11-16.4,2.72-24.33.57-7.34,3.92-20.46,3.52-26.98-.24-3.98-3.94-7.33-4.88-11.38-3.38-14.55-4.2-31.11,15.77-27.48l-1.8-192.99h-9.03s0-36.06,0-36.06ZM297.11,855.97l124.94-458.49c6.11-17.27,10.65-5.97,22.9-13.11-7.96-8.78-13.32-37.67-22.09-42.81l-187.69-62.53-104.97,169.26-16.82,8.43-.32,107.72,9.12,1.93c2.86,2.36,2.82,34.48.1,36.32l-9.15.78c.32,16.18-1.96,31.7-1.86,47.88.03,4.26,1.93,8.21,1.94,12.47.2,43.81-.24,87.64-.15,131.44.98,4.17,14.4-.13,16.25,9.36,2.75,14.11-6.82,21.75-7.32,30.6-.39,6.98,2.84,29.29,3.99,37.66.61,4.46,1.18,10.74,4.29,13.75h114.52v-30.66h52.3ZM722.49,484.21l1.22-41.31-218.35-75.45-13.44,18.71c4.36,6.06,14.39-.88,17.65,5.76l134.27,459.07c2.11,6.23,8.51,5.17,13.95,4.96.67-10.56-.38-19.34,12.74-18.82l1.71-3.7c1.16-55.8-2.41-112.22,1.85-167.68,4.73-12.66,16.58-9.59,27.65-10.22l2.96-4.25.1-115.53c.4-4.96-4.65-6.42-5.49-10.74-2.1-10.82,1.5-27.23-.03-38.76l23.21-2.04ZM479.02,432.39l-25.21.84-37.66,148.61,83.6-74.44-20.73-75.01ZM756.74,531.6c-1.88-3-31.06-2.85-35.45-.85-3.14,1.43-3.78,10.36-4.04,14.06-2.48,35.11,1.35,73.99.85,109.29,12.65,5.09,25.58,1.86,38.9,1.69l-.26-124.19ZM509.91,534.96l-4.52,1.77c-24.36,24.88-53.76,45.05-78.45,69.44-3.68,3.63-7.95,7.19-9.11,12.54l151.6,120.03-59.52-203.78ZM603.7,854.16c2.68-2.73-19.92-64.38-24.26-72.22-55.93-43.42-108.35-91.74-164.26-135.12-2.31-1.79-15.5-12.31-17.07-10.86l-59.53,218.2h265.12Z\"><\/path><metadata><\/metadata><\/svg>\t\t\t\t<\/a>\n\t\t\t<\/div>\n\t\t\t\n\t\t\t\t\t\t<div class=\"elementor-icon-box-content\">\n\n\t\t\t\t\t\t\t\t\t<h3 class=\"elementor-icon-box-title\">\n\t\t\t\t\t\t<a href=\"https:\/\/kronosdecanter.com\/en\/1-petroleo-y-gas\/\" >\n\t\t\t\t\t\t\tOil and Gas\t\t\t\t\t\t<\/a>\n\t\t\t\t\t<\/h3>\n\t\t\t\t\n\t\t\t\t\n\t\t\t<\/div>\n\t\t\t\n\t\t<\/div>\n\t\t\t\t\t\t<\/div>\n\t\t\t\t<div class=\"elementor-element elementor-element-cdbfd2b elementor-view-default elementor-position-block-start elementor-mobile-position-block-start elementor-widget elementor-widget-icon-box\" data-id=\"cdbfd2b\" data-element_type=\"widget\" data-e-type=\"widget\" data-widget_type=\"icon-box.default\">\n\t\t\t\t\t\t\t<div class=\"elementor-icon-box-wrapper\">\n\n\t\t\t\t\t\t<div class=\"elementor-icon-box-icon\">\n\t\t\t\t<span  class=\"elementor-icon elementor-animation-pop\">\n\t\t\t\t<svg aria-hidden=\"true\" class=\"e-font-icon-svg e-fas-utensils\" viewbox=\"0 0 416 512\" xmlns=\"http:\/\/www.w3.org\/2000\/svg\"><path d=\"M207.9 15.2c.8 4.7 16.1 94.5 16.1 128.8 0 52.3-27.8 89.6-68.9 104.6L168 486.7c.7 13.7-10.2 25.3-24 25.3H80c-13.7 0-24.7-11.5-24-25.3l12.9-238.1C27.7 233.6 0 196.2 0 144 0 109.6 15.3 19.9 16.1 15.2 19.3-5.1 61.4-5.4 64 16.3v141.2c1.3 3.4 15.1 3.2 16 0 1.4-25.3 7.9-139.2 8-141.8 3.3-20.8 44.7-20.8 47.9 0 .2 2.7 6.6 116.5 8 141.8.9 3.2 14.8 3.4 16 0V16.3c2.6-21.6 44.8-21.4 48-1.1zm119.2 285.7l-15 185.1c-1.2 14 9.9 26 23.9 26h56c13.3 0 24-10.7 24-24V24c0-13.2-10.7-24-24-24-82.5 0-221.4 178.5-64.9 300.9z\"><\/path><\/svg>\t\t\t\t<\/span>\n\t\t\t<\/div>\n\t\t\t\n\t\t\t\t\t\t<div class=\"elementor-icon-box-content\">\n\n\t\t\t\t\t\t\t\t\t<h3 class=\"elementor-icon-box-title\">\n\t\t\t\t\t\t<span  >\n\t\t\t\t\t\t\tFood Industry\t\t\t\t\t\t<\/span>\n\t\t\t\t\t<\/h3>\n\t\t\t\t\n\t\t\t\t\n\t\t\t<\/div>\n\t\t\t\n\t\t<\/div>\n\t\t\t\t\t\t<\/div>\n\t\t\t\t<div class=\"elementor-element elementor-element-e5bc145 elementor-view-default elementor-position-block-start elementor-mobile-position-block-start elementor-widget elementor-widget-icon-box\" data-id=\"e5bc145\" data-element_type=\"widget\" data-e-type=\"widget\" data-widget_type=\"icon-box.default\">\n\t\t\t\t\t\t\t<div class=\"elementor-icon-box-wrapper\">\n\n\t\t\t\t\t\t<div class=\"elementor-icon-box-icon\">\n\t\t\t\t<span  class=\"elementor-icon elementor-animation-pop\">\n\t\t\t\t<svg aria-hidden=\"true\" class=\"e-font-icon-svg e-fas-water\" viewbox=\"0 0 576 512\" xmlns=\"http:\/\/www.w3.org\/2000\/svg\"><path d=\"M562.1 383.9c-21.5-2.4-42.1-10.5-57.9-22.9-14.1-11.1-34.2-11.3-48.2 0-37.9 30.4-107.2 30.4-145.7-1.5-13.5-11.2-33-9.1-46.7 1.8-38 30.1-106.9 30-145.2-1.7-13.5-11.2-33.3-8.9-47.1 2-15.5 12.2-36 20.1-57.7 22.4-7.9.8-13.6 7.8-13.6 15.7v32.2c0 9.1 7.6 16.8 16.7 16 28.8-2.5 56.1-11.4 79.4-25.9 56.5 34.6 137 34.1 192 0 56.5 34.6 137 34.1 192 0 23.3 14.2 50.9 23.3 79.1 25.8 9.1.8 16.7-6.9 16.7-16v-31.6c.1-8-5.7-15.4-13.8-16.3zm0-144c-21.5-2.4-42.1-10.5-57.9-22.9-14.1-11.1-34.2-11.3-48.2 0-37.9 30.4-107.2 30.4-145.7-1.5-13.5-11.2-33-9.1-46.7 1.8-38 30.1-106.9 30-145.2-1.7-13.5-11.2-33.3-8.9-47.1 2-15.5 12.2-36 20.1-57.7 22.4-7.9.8-13.6 7.8-13.6 15.7v32.2c0 9.1 7.6 16.8 16.7 16 28.8-2.5 56.1-11.4 79.4-25.9 56.5 34.6 137 34.1 192 0 56.5 34.6 137 34.1 192 0 23.3 14.2 50.9 23.3 79.1 25.8 9.1.8 16.7-6.9 16.7-16v-31.6c.1-8-5.7-15.4-13.8-16.3zm0-144C540.6 93.4 520 85.4 504.2 73 490.1 61.9 470 61.7 456 73c-37.9 30.4-107.2 30.4-145.7-1.5-13.5-11.2-33-9.1-46.7 1.8-38 30.1-106.9 30-145.2-1.7-13.5-11.2-33.3-8.9-47.1 2-15.5 12.2-36 20.1-57.7 22.4-7.9.8-13.6 7.8-13.6 15.7v32.2c0 9.1 7.6 16.8 16.7 16 28.8-2.5 56.1-11.4 79.4-25.9 56.5 34.6 137 34.1 192 0 56.5 34.6 137 34.1 192 0 23.3 14.2 50.9 23.3 79.1 25.8 9.1.8 16.7-6.9 16.7-16v-31.6c.1-8-5.7-15.4-13.8-16.3z\"><\/path><\/svg>\t\t\t\t<\/span>\n\t\t\t<\/div>\n\t\t\t\n\t\t\t\t\t\t<div class=\"elementor-icon-box-content\">\n\n\t\t\t\t\t\t\t\t\t<h3 class=\"elementor-icon-box-title\">\n\t\t\t\t\t\t<span  >\n\t\t\t\t\t\t\tWastewater Treatment\t\t\t\t\t\t<\/span>\n\t\t\t\t\t<\/h3>\n\t\t\t\t\n\t\t\t\t\n\t\t\t<\/div>\n\t\t\t\n\t\t<\/div>\n\t\t\t\t\t\t<\/div>\n\t\t\t\t\t<\/div>\n\t\t\t\t<\/div>\n\t\t<div class=\"elementor-element elementor-element-20203d9 e-grid e-con-boxed e-con e-parent\" data-id=\"20203d9\" data-element_type=\"container\" data-e-type=\"container\">\n\t\t\t\t\t<div class=\"e-con-inner\">\n\t\t\t\t<div class=\"elementor-element elementor-element-aa59482 elementor-view-default elementor-position-block-start elementor-mobile-position-block-start elementor-widget elementor-widget-icon-box\" data-id=\"aa59482\" data-element_type=\"widget\" data-e-type=\"widget\" data-widget_type=\"icon-box.default\">\n\t\t\t\t\t\t\t<div class=\"elementor-icon-box-wrapper\">\n\n\t\t\t\t\t\t<div class=\"elementor-icon-box-icon\">\n\t\t\t\t<span  class=\"elementor-icon elementor-animation-pop\">\n\t\t\t\t<svg aria-hidden=\"true\" class=\"e-font-icon-svg e-fas-cut\" viewbox=\"0 0 448 512\" xmlns=\"http:\/\/www.w3.org\/2000\/svg\"><path d=\"M278.06 256L444.48 89.57c4.69-4.69 4.69-12.29 0-16.97-32.8-32.8-85.99-32.8-118.79 0L210.18 188.12l-24.86-24.86c4.31-10.92 6.68-22.81 6.68-35.26 0-53.02-42.98-96-96-96S0 74.98 0 128s42.98 96 96 96c4.54 0 8.99-.32 13.36-.93L142.29 256l-32.93 32.93c-4.37-.61-8.83-.93-13.36-.93-53.02 0-96 42.98-96 96s42.98 96 96 96 96-42.98 96-96c0-12.45-2.37-24.34-6.68-35.26l24.86-24.86L325.69 439.4c32.8 32.8 85.99 32.8 118.79 0 4.69-4.68 4.69-12.28 0-16.97L278.06 256zM96 160c-17.64 0-32-14.36-32-32s14.36-32 32-32 32 14.36 32 32-14.36 32-32 32zm0 256c-17.64 0-32-14.36-32-32s14.36-32 32-32 32 14.36 32 32-14.36 32-32 32z\"><\/path><\/svg>\t\t\t\t<\/span>\n\t\t\t<\/div>\n\t\t\t\n\t\t\t\t\t\t<div class=\"elementor-icon-box-content\">\n\n\t\t\t\t\t\t\t\t\t<h3 class=\"elementor-icon-box-title\">\n\t\t\t\t\t\t<span  >\n\t\t\t\t\t\t\tTextile Industry\t\t\t\t\t\t<\/span>\n\t\t\t\t\t<\/h3>\n\t\t\t\t\n\t\t\t\t\n\t\t\t<\/div>\n\t\t\t\n\t\t<\/div>\n\t\t\t\t\t\t<\/div>\n\t\t\t\t<div class=\"elementor-element elementor-element-f6f00f0 elementor-view-default elementor-position-block-start elementor-mobile-position-block-start elementor-widget elementor-widget-icon-box\" data-id=\"f6f00f0\" data-element_type=\"widget\" data-e-type=\"widget\" data-widget_type=\"icon-box.default\">\n\t\t\t\t\t\t\t<div class=\"elementor-icon-box-wrapper\">\n\n\t\t\t\t\t\t<div class=\"elementor-icon-box-icon\">\n\t\t\t\t<span  class=\"elementor-icon elementor-animation-pop\">\n\t\t\t\t<svg aria-hidden=\"true\" class=\"e-font-icon-svg e-fas-tractor\" viewbox=\"0 0 640 512\" xmlns=\"http:\/\/www.w3.org\/2000\/svg\"><path d=\"M528 336c-48.6 0-88 39.4-88 88s39.4 88 88 88 88-39.4 88-88-39.4-88-88-88zm0 112c-13.23 0-24-10.77-24-24s10.77-24 24-24 24 10.77 24 24-10.77 24-24 24zm80-288h-64v-40.2c0-14.12 4.7-27.76 13.15-38.84 4.42-5.8 3.55-14.06-1.32-19.49L534.2 37.3c-6.66-7.45-18.32-6.92-24.7.78C490.58 60.9 480 89.81 480 119.8V160H377.67L321.58 29.14A47.914 47.914 0 0 0 277.45 0H144c-26.47 0-48 21.53-48 48v146.52c-8.63-6.73-20.96-6.46-28.89 1.47L36 227.1c-8.59 8.59-8.59 22.52 0 31.11l5.06 5.06c-4.99 9.26-8.96 18.82-11.91 28.72H22c-12.15 0-22 9.85-22 22v44c0 12.15 9.85 22 22 22h7.14c2.96 9.91 6.92 19.46 11.91 28.73l-5.06 5.06c-8.59 8.59-8.59 22.52 0 31.11L67.1 476c8.59 8.59 22.52 8.59 31.11 0l5.06-5.06c9.26 4.99 18.82 8.96 28.72 11.91V490c0 12.15 9.85 22 22 22h44c12.15 0 22-9.85 22-22v-7.14c9.9-2.95 19.46-6.92 28.72-11.91l5.06 5.06c8.59 8.59 22.52 8.59 31.11 0l31.11-31.11c8.59-8.59 8.59-22.52 0-31.11l-5.06-5.06c4.99-9.26 8.96-18.82 11.91-28.72H330c12.15 0 22-9.85 22-22v-6h80.54c21.91-28.99 56.32-48 95.46-48 18.64 0 36.07 4.61 51.8 12.2l50.82-50.82c6-6 9.37-14.14 9.37-22.63V192c.01-17.67-14.32-32-31.99-32zM176 416c-44.18 0-80-35.82-80-80s35.82-80 80-80 80 35.82 80 80-35.82 80-80 80zm22-256h-38V64h106.89l41.15 96H198z\"><\/path><\/svg>\t\t\t\t<\/span>\n\t\t\t<\/div>\n\t\t\t\n\t\t\t\t\t\t<div class=\"elementor-icon-box-content\">\n\n\t\t\t\t\t\t\t\t\t<h3 class=\"elementor-icon-box-title\">\n\t\t\t\t\t\t<span  >\n\t\t\t\t\t\t\tAgricultural Industry\t\t\t\t\t\t<\/span>\n\t\t\t\t\t<\/h3>\n\t\t\t\t\n\t\t\t\t\n\t\t\t<\/div>\n\t\t\t\n\t\t<\/div>\n\t\t\t\t\t\t<\/div>\n\t\t\t\t\t<\/div>\n\t\t\t\t<\/div>\n\t\t<div class=\"elementor-element elementor-element-8e590f8 e-flex e-con-boxed e-con e-parent\" data-id=\"8e590f8\" data-element_type=\"container\" data-e-type=\"container\">\n\t\t\t\t\t<div class=\"e-con-inner\">\n\t\t\t\t<div class=\"elementor-element elementor-element-755b067 elementor-widget elementor-widget-spacer\" data-id=\"755b067\" data-element_type=\"widget\" data-e-type=\"widget\" data-widget_type=\"spacer.default\">\n\t\t\t\t\t\t\t<div class=\"elementor-spacer\">\n\t\t\t<div class=\"elementor-spacer-inner\"><\/div>\n\t\t<\/div>\n\t\t\t\t\t\t<\/div>\n\t\t\t\t\t<\/div>\n\t\t\t\t<\/div>\n\t\t<div class=\"elementor-element elementor-element-782a91e e-flex e-con-boxed e-con e-parent\" data-id=\"782a91e\" data-element_type=\"container\" data-e-type=\"container\">\n\t\t\t\t\t<div class=\"e-con-inner\">\n\t\t<div class=\"elementor-element elementor-element-b78373b e-con-full e-flex e-con e-child\" data-id=\"b78373b\" data-element_type=\"container\" data-e-type=\"container\">\n\t\t\t\t<div class=\"elementor-element elementor-element-f90366b elementor-widget__width-auto elementor-align-right elementor-widget elementor-widget-button\" data-id=\"f90366b\" data-element_type=\"widget\" data-e-type=\"widget\" data-widget_type=\"button.default\">\n\t\t\t\t\t\t\t\t\t\t<a class=\"elementor-button elementor-button-link elementor-size-sm\" href=\"https:\/\/kronosdecanter.com\/en\/contacto\/\">\n\t\t\t\t\t\t<span class=\"elementor-button-content-wrapper\">\n\t\t\t\t\t\t\t\t\t<span class=\"elementor-button-text\">Contact Us<\/span>\n\t\t\t\t\t<\/span>\n\t\t\t\t\t<\/a>\n\t\t\t\t\t\t\t\t<\/div>\n\t\t\t\t<div class=\"elementor-element elementor-element-caa7910 elementor-widget__width-auto elementor-align-right elementor-widget elementor-widget-button\" data-id=\"caa7910\" data-element_type=\"widget\" data-e-type=\"widget\" data-widget_type=\"button.default\">\n\t\t\t\t\t\t\t\t\t\t<a class=\"elementor-button elementor-button-link elementor-size-sm\" href=\"https:\/\/kronosdecanter.com\/en\/catalogo\/\">\n\t\t\t\t\t\t<span class=\"elementor-button-content-wrapper\">\n\t\t\t\t\t\t\t\t\t<span class=\"elementor-button-text\">View Full Catalog<\/span>\n\t\t\t\t\t<\/span>\n\t\t\t\t\t<\/a>\n\t\t\t\t\t\t\t\t<\/div>\n\t\t\t\t<\/div>\n\t\t\t\t\t<\/div>\n\t\t\t\t<\/div>\n\t\t\t\t<\/div>","protected":false},"excerpt":{"rendered":"<p>Inovaci\u00f3n en centr\u00edfugas Petr\u00f3leo y gas Industria alimentaria Saneamiento Industria Textil Industria Agr\u00edcola Cont\u00e1ctanos Ver Cat\u00e1logo completo<\/p>","protected":false},"author":1,"featured_media":0,"parent":0,"menu_order":0,"comment_status":"closed","ping_status":"closed","template":"elementor_header_footer","meta":{"pagelayer_contact_templates":[],"_pagelayer_content":"","footnotes":""},"class_list":["post-15","page","type-page","status-publish","hentry"],"_links":{"self":[{"href":"https:\/\/kronosdecanter.com\/en\/wp-json\/wp\/v2\/pages\/15","targetHints":{"allow":["GET"]}}],"collection":[{"href":"https:\/\/kronosdecanter.com\/en\/wp-json\/wp\/v2\/pages"}],"about":[{"href":"https:\/\/kronosdecanter.com\/en\/wp-json\/wp\/v2\/types\/page"}],"author":[{"embeddable":true,"href":"https:\/\/kronosdecanter.com\/en\/wp-json\/wp\/v2\/users\/1"}],"replies":[{"embeddable":true,"href":"https:\/\/kronosdecanter.com\/en\/wp-json\/wp\/v2\/comments?post=15"}],"version-history":[{"count":50,"href":"https:\/\/kronosdecanter.com\/en\/wp-json\/wp\/v2\/pages\/15\/revisions"}],"predecessor-version":[{"id":530,"href":"https:\/\/kronosdecanter.com\/en\/wp-json\/wp\/v2\/pages\/15\/revisions\/530"}],"wp:attachment":[{"href":"https:\/\/kronosdecanter.com\/en\/wp-json\/wp\/v2\/media?parent=15"}],"curies":[{"name":"wp","href":"https:\/\/api.w.org\/{rel}","templated":true}]}}