{"id":14,"date":"2025-08-06T14:36:37","date_gmt":"2025-08-06T14:36:37","guid":{"rendered":"https:\/\/kronosdecanter.com\/sobre-nosotros\/"},"modified":"2025-10-22T13:40:40","modified_gmt":"2025-10-22T13:40:40","slug":"sobre-nosotros","status":"publish","type":"page","link":"https:\/\/kronosdecanter.com\/en\/sobre-nosotros\/","title":{"rendered":"About us"},"content":{"rendered":"\t\t<div data-elementor-type=\"wp-page\" data-elementor-id=\"14\" class=\"elementor elementor-14\" data-elementor-post-type=\"page\">\n\t\t\t\t<div class=\"elementor-element elementor-element-c716d88 e-con-full e-flex e-con e-parent\" data-id=\"c716d88\" data-element_type=\"container\" data-e-type=\"container\" data-settings=\"{&quot;background_background&quot;:&quot;slideshow&quot;,&quot;background_slideshow_gallery&quot;:[{&quot;id&quot;:554,&quot;url&quot;:&quot;https:\\\/\\\/kronosdecanter.com\\\/wp-content\\\/uploads\\\/2025\\\/10\\\/CNC-4-1.png&quot;},{&quot;id&quot;:553,&quot;url&quot;:&quot;https:\\\/\\\/kronosdecanter.com\\\/wp-content\\\/uploads\\\/2025\\\/10\\\/cemtrigufa.jpeg&quot;},{&quot;id&quot;:548,&quot;url&quot;:&quot;https:\\\/\\\/kronosdecanter.com\\\/wp-content\\\/uploads\\\/2025\\\/10\\\/CNC-una.jpeg&quot;},{&quot;id&quot;:370,&quot;url&quot;:&quot;https:\\\/\\\/kronosdecanter.com\\\/wp-content\\\/uploads\\\/2025\\\/10\\\/96k-ingenieria-1.jpeg&quot;},{&quot;id&quot;:547,&quot;url&quot;:&quot;https:\\\/\\\/kronosdecanter.com\\\/wp-content\\\/uploads\\\/2025\\\/10\\\/DSCN4640-1-scaled.jpg&quot;},{&quot;id&quot;:287,&quot;url&quot;:&quot;https:\\\/\\\/kronosdecanter.com\\\/wp-content\\\/uploads\\\/2025\\\/09\\\/DSCN4421-scaled.jpg&quot;},{&quot;id&quot;:408,&quot;url&quot;:&quot;https:\\\/\\\/kronosdecanter.com\\\/wp-content\\\/uploads\\\/2025\\\/10\\\/Torno-2-scaled.jpg&quot;},{&quot;id&quot;:552,&quot;url&quot;:&quot;https:\\\/\\\/kronosdecanter.com\\\/wp-content\\\/uploads\\\/2025\\\/10\\\/Torno-balanceadora-1.jpeg&quot;},{&quot;id&quot;:403,&quot;url&quot;:&quot;https:\\\/\\\/kronosdecanter.com\\\/wp-content\\\/uploads\\\/2025\\\/10\\\/CNC-3.png&quot;},{&quot;id&quot;:549,&quot;url&quot;:&quot;https:\\\/\\\/kronosdecanter.com\\\/wp-content\\\/uploads\\\/2025\\\/10\\\/DSCN4537-1-scaled.jpg&quot;}],&quot;background_slideshow_slide_duration&quot;:3000,&quot;background_slideshow_transition_duration&quot;:300,&quot;background_slideshow_lazyload&quot;:&quot;yes&quot;,&quot;background_slideshow_loop&quot;:&quot;yes&quot;,&quot;background_slideshow_slide_transition&quot;:&quot;fade&quot;}\">\n\t\t\t\t<div class=\"elementor-element elementor-element-7dff570 elementor-widget elementor-widget-heading\" data-id=\"7dff570\" data-element_type=\"widget\" data-e-type=\"widget\" data-widget_type=\"heading.default\">\n\t\t\t\t\t<h1 class=\"elementor-heading-title elementor-size-default\">Nuestra trayectoria<\/h1>\t\t\t\t<\/div>\n\t\t\t\t<\/div>\n\t\t<div class=\"elementor-element elementor-element-3ece995 e-grid e-con-boxed e-con e-parent\" data-id=\"3ece995\" data-element_type=\"container\" data-e-type=\"container\">\n\t\t\t\t\t<div class=\"e-con-inner\">\n\t\t\t\t<div class=\"elementor-element elementor-element-74daa8a elementor-widget elementor-widget-text-editor\" data-id=\"74daa8a\" data-element_type=\"widget\" data-e-type=\"widget\" data-widget_type=\"text-editor.default\">\n\t\t\t\t\t\t\t\t\t<p><span style=\"font-weight: 400;\">Somos una empresa de alcance internacional que inici\u00f3 operaciones en M\u00e9xico en 2009. Desde entonces, nos hemos consolidado como un aliado estrat\u00e9gico en el desarrollo de soluciones para procesos de separaci\u00f3n s\u00f3lido-l\u00edquido, contribuyendo a la eficiencia y sostenibilidad de sectores clave como el petr\u00f3leo, la petroqu\u00edmica, la industria alimentaria, los biocombustibles y el reciclaje, entre otros.<\/span><\/p><p><span style=\"font-weight: 400;\">Respaldados por la experiencia de nuestros ingenieros y dise\u00f1adores, ofrecemos calidad, cumplimiento en tiempos de entrega y un servicio postventa confiable, proporcionando proyectos llave en mano que optimizan los procesos productivos de nuestros clientes.<\/span><\/p>\t\t\t\t\t\t\t\t<\/div>\n\t\t\t\t<div class=\"elementor-element elementor-element-798cc68 elementor-widget elementor-widget-image\" data-id=\"798cc68\" data-element_type=\"widget\" data-e-type=\"widget\" data-widget_type=\"image.default\">\n\t\t\t\t\t\t\t\t\t\t\t\t\t\t\t<img fetchpriority=\"high\" decoding=\"async\" width=\"600\" height=\"600\" src=\"https:\/\/kronosdecanter.com\/wp-content\/uploads\/2025\/09\/MAKO.png\" class=\"attachment-large size-large wp-image-270\" alt=\"\" srcset=\"https:\/\/kronosdecanter.com\/wp-content\/uploads\/2025\/09\/MAKO.png 600w, https:\/\/kronosdecanter.com\/wp-content\/uploads\/2025\/09\/MAKO-300x300.png 300w, https:\/\/kronosdecanter.com\/wp-content\/uploads\/2025\/09\/MAKO-150x150.png 150w\" sizes=\"(max-width: 600px) 100vw, 600px\" \/>\t\t\t\t\t\t\t\t\t\t\t\t\t\t\t<\/div>\n\t\t\t\t\t<\/div>\n\t\t\t\t<\/div>\n\t\t<div class=\"elementor-element elementor-element-d708ad2 e-flex e-con-boxed e-con e-parent\" data-id=\"d708ad2\" data-element_type=\"container\" data-e-type=\"container\" data-settings=\"{&quot;background_background&quot;:&quot;video&quot;,&quot;background_video_link&quot;:&quot;https:\\\/\\\/www.youtube.com\\\/watch?v=tKg0g6CpK8g&quot;,&quot;background_video_start&quot;:5,&quot;background_video_end&quot;:30}\">\n\t\t\t\t\t<div class=\"e-con-inner\">\n\t\t<div class=\"elementor-background-video-container elementor-hidden-mobile\">\n\t\t\t\t\t\t\t<div class=\"elementor-background-video-embed\" role=\"presentation\"><\/div>\n\t\t\t\t\t\t<\/div><div class=\"elementor-element elementor-element-bc124fd e-con-full e-flex e-con e-child\" data-id=\"bc124fd\" data-element_type=\"container\" data-e-type=\"container\">\n\t\t\t\t<div class=\"elementor-element elementor-element-bd9f72e elementor-widget elementor-widget-heading\" data-id=\"bd9f72e\" data-element_type=\"widget\" data-e-type=\"widget\" data-widget_type=\"heading.default\">\n\t\t\t\t\t<h2 class=\"elementor-heading-title elementor-size-default\">\u201cConvertir los pasivos ambientales de nuestros clientes en activos productivos\u201d<\/h2>\t\t\t\t<\/div>\n\t\t\t\t<\/div>\n\t\t\t\t\t<\/div>\n\t\t\t\t<\/div>\n\t\t<div class=\"elementor-element elementor-element-2a88cd9 e-grid e-con-boxed e-con e-parent\" data-id=\"2a88cd9\" data-element_type=\"container\" data-e-type=\"container\">\n\t\t\t\t\t<div class=\"e-con-inner\">\n\t\t\t\t<div class=\"elementor-element elementor-element-e945817 elementor-widget elementor-widget-heading\" data-id=\"e945817\" data-element_type=\"widget\" data-e-type=\"widget\" data-widget_type=\"heading.default\">\n\t\t\t\t\t<h2 class=\"elementor-heading-title elementor-size-default\">Misi\u00f3n<\/h2>\t\t\t\t<\/div>\n\t\t\t\t<div class=\"elementor-element elementor-element-6fe3d81 elementor-widget elementor-widget-heading\" data-id=\"6fe3d81\" data-element_type=\"widget\" data-e-type=\"widget\" data-widget_type=\"heading.default\">\n\t\t\t\t\t<h2 class=\"elementor-heading-title elementor-size-default\">Visi\u00f3n<\/h2>\t\t\t\t<\/div>\n\t\t\t\t<div class=\"elementor-element elementor-element-940ed71 elementor-widget elementor-widget-text-editor\" data-id=\"940ed71\" data-element_type=\"widget\" data-e-type=\"widget\" data-widget_type=\"text-editor.default\">\n\t\t\t\t\t\t\t\t\t<p><span style=\"white-space-collapse: preserve;\">Desde nuestros inicios, hemos crecido significativamente, estableciendo est\u00e1ndares en la fabricaci\u00f3n, renta y reparaci\u00f3n de centrifugas decantadoras. Con un compromiso constante hacia la innovaci\u00f3n y la calidad, hemos alcanzado hitos clave que reflejan nuestra dedicaci\u00f3n a la excelencia en el servicio y la satisfacci\u00f3n del cliente.<\/span><\/p>\t\t\t\t\t\t\t\t<\/div>\n\t\t\t\t<div class=\"elementor-element elementor-element-ed43ed7 elementor-widget elementor-widget-text-editor\" data-id=\"ed43ed7\" data-element_type=\"widget\" data-e-type=\"widget\" data-widget_type=\"text-editor.default\">\n\t\t\t\t\t\t\t\t\t<p><span style=\"white-space-collapse: preserve;\">Desde nuestros inicios, hemos crecido significativamente, estableciendo est\u00e1ndares en la fabricaci\u00f3n, renta y reparaci\u00f3n de centrifugas decantadoras. Con un compromiso constante hacia la innovaci\u00f3n y la calidad, hemos alcanzado hitos clave que reflejan nuestra dedicaci\u00f3n a la excelencia en el servicio y la satisfacci\u00f3n del cliente.<\/span><\/p>\t\t\t\t\t\t\t\t<\/div>\n\t\t\t\t\t<\/div>\n\t\t\t\t<\/div>\n\t\t<div class=\"elementor-element elementor-element-4406f63 e-flex e-con-boxed e-con e-parent\" data-id=\"4406f63\" data-element_type=\"container\" data-e-type=\"container\">\n\t\t\t\t\t<div class=\"e-con-inner\">\n\t\t\t\t<div class=\"elementor-element elementor-element-d8497bb elementor-widget elementor-widget-spacer\" data-id=\"d8497bb\" data-element_type=\"widget\" data-e-type=\"widget\" data-widget_type=\"spacer.default\">\n\t\t\t\t\t\t\t<div class=\"elementor-spacer\">\n\t\t\t<div class=\"elementor-spacer-inner\"><\/div>\n\t\t<\/div>\n\t\t\t\t\t\t<\/div>\n\t\t\t\t\t<\/div>\n\t\t\t\t<\/div>\n\t\t<div class=\"elementor-element elementor-element-4aa5f914 e-flex e-con-boxed e-con e-parent\" data-id=\"4aa5f914\" data-element_type=\"container\" data-e-type=\"container\" data-settings=\"{&quot;background_background&quot;:&quot;classic&quot;}\">\n\t\t\t\t\t<div class=\"e-con-inner\">\n\t\t<div class=\"elementor-element elementor-element-44e22800 e-con-full e-flex e-con e-child\" data-id=\"44e22800\" data-element_type=\"container\" data-e-type=\"container\">\n\t\t<div class=\"elementor-element elementor-element-22c218d0 e-con-full e-flex e-con e-child\" data-id=\"22c218d0\" data-element_type=\"container\" data-e-type=\"container\">\n\t\t\t\t<\/div>\n\t\t<div class=\"elementor-element elementor-element-67bf9ddd e-con-full e-flex e-con e-child\" data-id=\"67bf9ddd\" data-element_type=\"container\" data-e-type=\"container\">\n\t\t\t\t<\/div>\n\t\t\t\t<\/div>\n\t\t<div class=\"elementor-element elementor-element-701e83f3 e-con-full e-flex e-con e-child\" data-id=\"701e83f3\" data-element_type=\"container\" data-e-type=\"container\">\n\t\t\t\t<div class=\"elementor-element elementor-element-437a6a71 elementor-cta--valign-middle elementor-widget__width-inherit elementor-widget-tablet__width-initial elementor-widget-mobile__width-inherit elementor-cta--skin-classic elementor-animated-content elementor-bg-transform elementor-bg-transform-zoom-in elementor-widget elementor-widget-call-to-action\" data-id=\"437a6a71\" data-element_type=\"widget\" data-e-type=\"widget\" data-widget_type=\"call-to-action.default\">\n\t\t\t\t\t\t\t<a class=\"elementor-cta\" href=\"https:\/\/kronosdecanter.com\/maquinas\/\">\n\t\t\t\t\t<div class=\"elementor-cta__bg-wrapper\">\n\t\t\t\t<div class=\"elementor-cta__bg elementor-bg\" style=\"background-image: url(https:\/\/kronosdecanter.com\/wp-content\/uploads\/2025\/10\/PANELES-ELECTRICOS-scaled.jpg);\" role=\"img\" aria-label=\"PANELES ELECTRICOS\"><\/div>\n\t\t\t\t<div class=\"elementor-cta__bg-overlay\"><\/div>\n\t\t\t<\/div>\n\t\t\t\t\t\t\t<div class=\"elementor-cta__content\">\n\t\t\t\t\n\t\t\t\t\t\t\t\t\t<h2 class=\"elementor-cta__title elementor-cta__content-item elementor-content-item\">\n\t\t\t\t\t\tPaneles de control\t\t\t\t\t<\/h2>\n\t\t\t\t\n\t\t\t\t\n\t\t\t\t\t\t\t<\/div>\n\t\t\t\t\t\t<\/a>\n\t\t\t\t\t\t<\/div>\n\t\t\t\t<div class=\"elementor-element elementor-element-7cdce52 elementor-cta--valign-middle elementor-widget__width-inherit elementor-widget-tablet__width-initial elementor-widget-mobile__width-inherit elementor-cta--skin-classic elementor-animated-content elementor-bg-transform elementor-bg-transform-zoom-in elementor-widget elementor-widget-call-to-action\" data-id=\"7cdce52\" data-element_type=\"widget\" data-e-type=\"widget\" data-widget_type=\"call-to-action.default\">\n\t\t\t\t\t\t\t<a class=\"elementor-cta\" href=\"https:\/\/kronosdecanter.com\/maquinas\/\">\n\t\t\t\t\t<div class=\"elementor-cta__bg-wrapper\">\n\t\t\t\t<div class=\"elementor-cta__bg elementor-bg\" style=\"background-image: url(https:\/\/kronosdecanter.com\/wp-content\/uploads\/2025\/10\/balanceo-y-computadora.jpeg);\" role=\"img\" aria-label=\"Balanceo y computadora\"><\/div>\n\t\t\t\t<div class=\"elementor-cta__bg-overlay\"><\/div>\n\t\t\t<\/div>\n\t\t\t\t\t\t\t<div class=\"elementor-cta__content\">\n\t\t\t\t\n\t\t\t\t\t\t\t\t\t<h2 class=\"elementor-cta__title elementor-cta__content-item elementor-content-item\">\n\t\t\t\t\t\tBALANCEO\t\t\t\t\t<\/h2>\n\t\t\t\t\n\t\t\t\t\n\t\t\t\t\t\t\t<\/div>\n\t\t\t\t\t\t<\/a>\n\t\t\t\t\t\t<\/div>\n\t\t\t\t<div class=\"elementor-element elementor-element-62719799 elementor-cta--valign-middle elementor-widget__width-inherit elementor-widget-tablet__width-initial elementor-widget-mobile__width-inherit elementor-cta--skin-classic elementor-animated-content elementor-bg-transform elementor-bg-transform-zoom-in elementor-widget elementor-widget-call-to-action\" data-id=\"62719799\" data-element_type=\"widget\" data-e-type=\"widget\" data-widget_type=\"call-to-action.default\">\n\t\t\t\t\t\t\t<a class=\"elementor-cta\" href=\"https:\/\/kronosdecanter.com\/maquinas\/\">\n\t\t\t\t\t<div class=\"elementor-cta__bg-wrapper\">\n\t\t\t\t<div class=\"elementor-cta__bg elementor-bg\" style=\"background-image: url(https:\/\/kronosdecanter.com\/wp-content\/uploads\/2025\/10\/CNC-4-e1760385437203-1024x780.png);\" role=\"img\" aria-label=\"CNC 4\"><\/div>\n\t\t\t\t<div class=\"elementor-cta__bg-overlay\"><\/div>\n\t\t\t<\/div>\n\t\t\t\t\t\t\t<div class=\"elementor-cta__content\">\n\t\t\t\t\n\t\t\t\t\t\t\t\t\t<h2 class=\"elementor-cta__title elementor-cta__content-item elementor-content-item\">\n\t\t\t\t\t\tCNC\t\t\t\t\t<\/h2>\n\t\t\t\t\n\t\t\t\t\n\t\t\t\t\t\t\t<\/div>\n\t\t\t\t\t\t<\/a>\n\t\t\t\t\t\t<\/div>\n\t\t\t\t<div class=\"elementor-element elementor-element-27000bb elementor-cta--valign-middle elementor-widget__width-inherit elementor-widget-tablet__width-initial elementor-widget-mobile__width-inherit elementor-cta--skin-classic elementor-animated-content elementor-bg-transform elementor-bg-transform-zoom-in elementor-widget elementor-widget-call-to-action\" data-id=\"27000bb\" data-element_type=\"widget\" data-e-type=\"widget\" data-widget_type=\"call-to-action.default\">\n\t\t\t\t\t\t\t<a class=\"elementor-cta\" href=\"https:\/\/kronosdecanter.com\/maquinas\/\">\n\t\t\t\t\t<div class=\"elementor-cta__bg-wrapper\">\n\t\t\t\t<div class=\"elementor-cta__bg elementor-bg\" style=\"background-image: url(https:\/\/kronosdecanter.com\/wp-content\/uploads\/2025\/10\/DSCN4503-1024x768.jpg);\" role=\"img\" aria-label=\"Torno\"><\/div>\n\t\t\t\t<div class=\"elementor-cta__bg-overlay\"><\/div>\n\t\t\t<\/div>\n\t\t\t\t\t\t\t<div class=\"elementor-cta__content\">\n\t\t\t\t\n\t\t\t\t\t\t\t\t\t<h2 class=\"elementor-cta__title elementor-cta__content-item elementor-content-item\">\n\t\t\t\t\t\tTORNOS\t\t\t\t\t<\/h2>\n\t\t\t\t\n\t\t\t\t\n\t\t\t\t\t\t\t<\/div>\n\t\t\t\t\t\t<\/a>\n\t\t\t\t\t\t<\/div>\n\t\t\t\t<\/div>\n\t\t\t\t\t<\/div>\n\t\t\t\t<\/div>\n\t\t<div class=\"elementor-element elementor-element-1c244509 e-flex e-con-boxed e-con e-parent\" data-id=\"1c244509\" data-element_type=\"container\" data-e-type=\"container\">\n\t\t\t\t\t<div class=\"e-con-inner\">\n\t\t\t\t<div class=\"elementor-element elementor-element-922545d elementor-widget elementor-widget-spacer\" data-id=\"922545d\" data-element_type=\"widget\" data-e-type=\"widget\" data-widget_type=\"spacer.default\">\n\t\t\t\t\t\t\t<div class=\"elementor-spacer\">\n\t\t\t<div class=\"elementor-spacer-inner\"><\/div>\n\t\t<\/div>\n\t\t\t\t\t\t<\/div>\n\t\t\t\t<div class=\"elementor-element elementor-element-2a4d85e6 elementor-widget elementor-widget-heading\" data-id=\"2a4d85e6\" data-element_type=\"widget\" data-e-type=\"widget\" data-widget_type=\"heading.default\">\n\t\t\t\t\t<h2 class=\"elementor-heading-title elementor-size-default\">INGENIER\u00cdA PERSONALIZADA<\/h2>\t\t\t\t<\/div>\n\t\t\t\t<div class=\"elementor-element elementor-element-7f4887e5 elementor-widget elementor-widget-text-editor\" data-id=\"7f4887e5\" data-element_type=\"widget\" data-e-type=\"widget\" data-widget_type=\"text-editor.default\">\n\t\t\t\t\t\t\t\t\t<ul><li>An\u00e1lisis de proceso.<\/li><li>Dise\u00f1o de acuerdo a la caracter\u00edstica de materiales.<\/li><li>Acompa\u00f1amiento t\u00e9cnico y servicio post-venta.<\/li><li>P\u00f3lizas anualizadas de mantenimiento preventivo y predictivo<\/li><li>Intercambio de rotor sin cambiar la chumacera.<\/li><\/ul>\t\t\t\t\t\t\t\t<\/div>\n\t\t\t\t\t<\/div>\n\t\t\t\t<\/div>\n\t\t<div class=\"elementor-element elementor-element-4a59771b e-grid e-con-boxed e-con e-parent\" data-id=\"4a59771b\" data-element_type=\"container\" data-e-type=\"container\">\n\t\t\t\t\t<div class=\"e-con-inner\">\n\t\t<div class=\"elementor-element elementor-element-777248f8 e-con-full e-flex e-con e-child\" data-id=\"777248f8\" data-element_type=\"container\" data-e-type=\"container\" data-settings=\"{&quot;background_background&quot;:&quot;slideshow&quot;,&quot;background_slideshow_gallery&quot;:[{&quot;id&quot;:368,&quot;url&quot;:&quot;https:\\\/\\\/kronosdecanter.com\\\/wp-content\\\/uploads\\\/2025\\\/10\\\/96k-ingenieria.jpeg&quot;}],&quot;background_slideshow_slide_duration&quot;:2500,&quot;background_slideshow_loop&quot;:&quot;yes&quot;,&quot;background_slideshow_slide_transition&quot;:&quot;fade&quot;,&quot;background_slideshow_transition_duration&quot;:500}\">\n\t\t\t\t<div class=\"elementor-element elementor-element-58922cbe animated-slow elementor-invisible elementor-widget elementor-widget-heading\" data-id=\"58922cbe\" data-element_type=\"widget\" data-e-type=\"widget\" data-settings=\"{&quot;_animation&quot;:&quot;slideInUp&quot;}\" data-widget_type=\"heading.default\">\n\t\t\t\t\t<h2 class=\"elementor-heading-title elementor-size-default\">Centr\u00edfuga k96<\/h2>\t\t\t\t<\/div>\n\t\t\t\t<\/div>\n\t\t<div class=\"elementor-element elementor-element-584e3e5e e-con-full e-flex e-con e-child\" data-id=\"584e3e5e\" data-element_type=\"container\" data-e-type=\"container\" data-settings=\"{&quot;background_background&quot;:&quot;slideshow&quot;,&quot;background_slideshow_gallery&quot;:[{&quot;id&quot;:372,&quot;url&quot;:&quot;https:\\\/\\\/kronosdecanter.com\\\/wp-content\\\/uploads\\\/2025\\\/10\\\/chumacera.jpg&quot;}],&quot;background_slideshow_slide_duration&quot;:2500,&quot;background_slideshow_loop&quot;:&quot;yes&quot;,&quot;background_slideshow_slide_transition&quot;:&quot;fade&quot;,&quot;background_slideshow_transition_duration&quot;:500}\">\n\t\t\t\t<div class=\"elementor-element elementor-element-26644c8f animated-slow elementor-invisible elementor-widget elementor-widget-heading\" data-id=\"26644c8f\" data-element_type=\"widget\" data-e-type=\"widget\" data-settings=\"{&quot;_animation&quot;:&quot;slideInUp&quot;}\" data-widget_type=\"heading.default\">\n\t\t\t\t\t<h2 class=\"elementor-heading-title elementor-size-default\">Chumacera<\/h2>\t\t\t\t<\/div>\n\t\t\t\t<\/div>\n\t\t<div class=\"elementor-element elementor-element-7a69f08f e-con-full e-flex e-con e-child\" data-id=\"7a69f08f\" data-element_type=\"container\" data-e-type=\"container\" data-settings=\"{&quot;background_background&quot;:&quot;slideshow&quot;,&quot;background_slideshow_gallery&quot;:[{&quot;id&quot;:371,&quot;url&quot;:&quot;https:\\\/\\\/kronosdecanter.com\\\/wp-content\\\/uploads\\\/2025\\\/10\\\/chumacera-bipartida.jpg&quot;}],&quot;background_slideshow_slide_duration&quot;:2500,&quot;background_slideshow_loop&quot;:&quot;yes&quot;,&quot;background_slideshow_slide_transition&quot;:&quot;fade&quot;,&quot;background_slideshow_transition_duration&quot;:500}\">\n\t\t\t\t<div class=\"elementor-element elementor-element-20971ba2 animated-slow elementor-invisible elementor-widget elementor-widget-heading\" data-id=\"20971ba2\" data-element_type=\"widget\" data-e-type=\"widget\" data-settings=\"{&quot;_animation&quot;:&quot;slideInUp&quot;}\" data-widget_type=\"heading.default\">\n\t\t\t\t\t<h2 class=\"elementor-heading-title elementor-size-default\">chumacera bipartida<\/h2>\t\t\t\t<\/div>\n\t\t\t\t<\/div>\n\t\t<div class=\"elementor-element elementor-element-7c599870 e-con-full e-flex e-con e-child\" data-id=\"7c599870\" data-element_type=\"container\" data-e-type=\"container\" data-settings=\"{&quot;background_background&quot;:&quot;slideshow&quot;,&quot;background_slideshow_gallery&quot;:[{&quot;id&quot;:369,&quot;url&quot;:&quot;https:\\\/\\\/kronosdecanter.com\\\/wp-content\\\/uploads\\\/2025\\\/10\\\/Rotor-96k.jpeg&quot;}],&quot;background_slideshow_slide_duration&quot;:2500,&quot;background_slideshow_loop&quot;:&quot;yes&quot;,&quot;background_slideshow_slide_transition&quot;:&quot;fade&quot;,&quot;background_slideshow_transition_duration&quot;:500}\">\n\t\t<div class=\"elementor-element elementor-element-2ada987f e-con-full e-flex e-con e-child\" data-id=\"2ada987f\" data-element_type=\"container\" data-e-type=\"container\" data-settings=\"{&quot;background_background&quot;:&quot;slideshow&quot;,&quot;background_slideshow_slide_duration&quot;:2500,&quot;background_slideshow_gallery&quot;:[],&quot;background_slideshow_loop&quot;:&quot;yes&quot;,&quot;background_slideshow_slide_transition&quot;:&quot;fade&quot;,&quot;background_slideshow_transition_duration&quot;:500}\">\n\t\t\t\t<div class=\"elementor-element elementor-element-119beb1c animated-slow elementor-invisible elementor-widget elementor-widget-heading\" data-id=\"119beb1c\" data-element_type=\"widget\" data-e-type=\"widget\" data-settings=\"{&quot;_animation&quot;:&quot;slideInUp&quot;}\" data-widget_type=\"heading.default\">\n\t\t\t\t\t<h2 class=\"elementor-heading-title elementor-size-default\">Rotor<\/h2>\t\t\t\t<\/div>\n\t\t\t\t<\/div>\n\t\t\t\t<\/div>\n\t\t\t\t\t<\/div>\n\t\t\t\t<\/div>\n\t\t\t\t<\/div>\n\t\t","protected":false},"excerpt":{"rendered":"<p>Nuestra trayectoria Somos una empresa de alcance internacional que inici\u00f3 operaciones en M\u00e9xico en 2009. Desde entonces, nos hemos consolidado como un aliado estrat\u00e9gico en el desarrollo de soluciones para procesos de separaci\u00f3n s\u00f3lido-l\u00edquido, contribuyendo a la eficiencia y sostenibilidad de sectores clave como el petr\u00f3leo, la petroqu\u00edmica, la industria alimentaria, los biocombustibles y el [&hellip;]<\/p>\n","protected":false},"author":1,"featured_media":0,"parent":0,"menu_order":0,"comment_status":"closed","ping_status":"closed","template":"elementor_header_footer","meta":{"pagelayer_contact_templates":[],"_pagelayer_content":"","footnotes":""},"class_list":["post-14","page","type-page","status-publish","hentry"],"_links":{"self":[{"href":"https:\/\/kronosdecanter.com\/en\/wp-json\/wp\/v2\/pages\/14","targetHints":{"allow":["GET"]}}],"collection":[{"href":"https:\/\/kronosdecanter.com\/en\/wp-json\/wp\/v2\/pages"}],"about":[{"href":"https:\/\/kronosdecanter.com\/en\/wp-json\/wp\/v2\/types\/page"}],"author":[{"embeddable":true,"href":"https:\/\/kronosdecanter.com\/en\/wp-json\/wp\/v2\/users\/1"}],"replies":[{"embeddable":true,"href":"https:\/\/kronosdecanter.com\/en\/wp-json\/wp\/v2\/comments?post=14"}],"version-history":[{"count":67,"href":"https:\/\/kronosdecanter.com\/en\/wp-json\/wp\/v2\/pages\/14\/revisions"}],"predecessor-version":[{"id":654,"href":"https:\/\/kronosdecanter.com\/en\/wp-json\/wp\/v2\/pages\/14\/revisions\/654"}],"wp:attachment":[{"href":"https:\/\/kronosdecanter.com\/en\/wp-json\/wp\/v2\/media?parent=14"}],"curies":[{"name":"wp","href":"https:\/\/api.w.org\/{rel}","templated":true}]}}